{"id":27705,"date":"2019-01-31T15:41:18","date_gmt":"2019-01-31T14:41:18","guid":{"rendered":"https:\/\/www.matikom.fr\/tierra\/les-assurances-voyages\/"},"modified":"2024-05-14T12:09:37","modified_gmt":"2024-05-14T10:09:37","slug":"assurance-voyage","status":"publish","type":"page","link":"https:\/\/www.tierra-latina.com\/de\/assurance-voyage\/","title":{"rendered":"Assurance de voyage COVID-19"},"content":{"rendered":"<p>D\u00e9couvrez notre assurance de voyage COVID-19 pour un maximum de s\u00e9r\u00e9nit\u00e9 et de confort.<\/p>\n<h3>Voyagez assur\u00e9.e.s avec notre pack assurance voyage COVID-19<\/h3>\n<p>Depuis plusieurs mois, nous adaptons notre offre en relation avec vos besoins et vos envies de voyages qui \u00e9voluent. Voyagez en Am\u00e9rique Latine avec Tierra Latina en <strong>toute s\u00e9r\u00e9nit\u00e9<\/strong>. Nous vous proposons une nouvelle assurance de voyage adapt\u00e9e \u00e0 la situation sanitaire avec notre partenaire <a href=\"https:\/\/www.assurever.com\/\" target=\"_blank\" rel=\"noopener\">Assurever<\/a>. Pour tout voyage en Am\u00e9rique Latine, nous recommandons de souscrire \u00e0 :<\/p>\n<ul style=\"text-align: justify;\">\n<li><strong>L\u2019assurance Multirisques confort<\/strong><\/li>\n<li><strong>L&#8217;option Protection Sanitaire <\/strong>(valable uniquement si cette derni\u00e8re est souscrite simultan\u00e9ment en compl\u00e9ment du contrat ci-dessus).<\/li>\n<\/ul>\n<p>Notre assurance est applicable \u00e0 toutes nos <a href=\"https:\/\/www.tierra-latina.com\/voyage\/\" target=\"_blank\" rel=\"noopener\">destinations<\/a>.<\/p>\n<h3>Les garanties d&#8217;une assurance multirisques confort<\/h3>\n<p>Souscrivez \u00e0 l\u2019assurance\u00a0 <strong>Multirisques Confort <\/strong>pour \u00eatre prot\u00e9g\u00e9s en cas d\u2019annulation, de d\u00e9part et\/ou de retour manqu\u00e9, de retard a\u00e9rien. Vous b\u00e9n\u00e9ficiez d\u2019une assistance rapatriement, de perte\/destruction\/vol de bagages \u00e9galement. La responsabilit\u00e9 civile du voyageur est \u00e9galement couverte.<\/p>\n<p>D\u00e9couvrez ci-dessous les garanties mises en place par notre assurance multirisques confort.<\/p>\n<p><img fetchpriority=\"high\" decoding=\"async\" class=\"alignnone wp-image-22781 size-full\" src=\"https:\/\/www.tierra-latina.com\/wp-content\/uploads\/2023\/01\/tierra-latina-assurance-multirisque-2022.jpg\" alt=\"tierra-latina-assurance-multirisque-2022.jpg\" width=\"2183\" height=\"2475\" srcset=\"https:\/\/www.tierra-latina.com\/wp-content\/uploads\/2023\/01\/tierra-latina-assurance-multirisque-2022.jpg 2183w, https:\/\/www.tierra-latina.com\/wp-content\/uploads\/2023\/01\/tierra-latina-assurance-multirisque-2022-600x680.jpg 600w, https:\/\/www.tierra-latina.com\/wp-content\/uploads\/2023\/01\/tierra-latina-assurance-multirisque-2022-265x300.jpg 265w, https:\/\/www.tierra-latina.com\/wp-content\/uploads\/2023\/01\/tierra-latina-assurance-multirisque-2022-903x1024.jpg 903w, https:\/\/www.tierra-latina.com\/wp-content\/uploads\/2023\/01\/tierra-latina-assurance-multirisque-2022-768x871.jpg 768w, https:\/\/www.tierra-latina.com\/wp-content\/uploads\/2023\/01\/tierra-latina-assurance-multirisque-2022-1355x1536.jpg 1355w, https:\/\/www.tierra-latina.com\/wp-content\/uploads\/2023\/01\/tierra-latina-assurance-multirisque-2022-1806x2048.jpg 1806w\" sizes=\"(max-width: 2183px) 100vw, 2183px\" \/><\/p>\n<h3>Assurance voyage COVID-19 : ce que cela prend en charge<\/h3>\n<p><strong>L\u2019option protection sanitaire,\u00a0<\/strong>vous permet d\u2019\u00eatre assur\u00e9.e en cas d\u2019annulation du s\u00e9jour pour maladie suite \u00e0 une \u00e9pid\u00e9mie ou pand\u00e9mie. Par exemple, elle fonctionne en cas d\u2019annulation du voyage pour refus d\u2019embarquement suite \u00e0 une prise de temp\u00e9rature \/ test PCR ou antig\u00e9nique positif \u00e0 votre arriv\u00e9e \u00e0 l\u2019a\u00e9roport de d\u00e9part.<\/p>\n<p>En cas de rapatriement m\u00e9dical et en cas de frais m\u00e9dicaux \u00e0 l\u2019\u00e9tranger suite \u00e0 une maladie pour \u00e9pid\u00e9mie ou pand\u00e9mie, vous \u00eates \u00e9galement couverts.<\/p>\n<p><strong>Cette protection sanitaire sp\u00e9cial COVID-19 est incluse avec TOUTES les assurances multirisques confort souscrites avec Tierra Latina.<\/strong><\/p>\n<p>D\u00e9couvrez ci-dessous les garanties appliqu\u00e9es \u00e0 l\u2019assurance de voyage COVID-19 :<\/p>\n<p><img decoding=\"async\" class=\"wp-image-22784 size-full\" src=\"https:\/\/www.tierra-latina.com\/wp-content\/uploads\/2023\/01\/tierra-latina-assurance-sanitaire-covid-2022.jpg\" alt=\"tierra-latina-assurance-sanitaire-covid-2022.jpg\" width=\"2182\" height=\"1254\" srcset=\"https:\/\/www.tierra-latina.com\/wp-content\/uploads\/2023\/01\/tierra-latina-assurance-sanitaire-covid-2022.jpg 2182w, https:\/\/www.tierra-latina.com\/wp-content\/uploads\/2023\/01\/tierra-latina-assurance-sanitaire-covid-2022-600x345.jpg 600w, https:\/\/www.tierra-latina.com\/wp-content\/uploads\/2023\/01\/tierra-latina-assurance-sanitaire-covid-2022-300x172.jpg 300w, https:\/\/www.tierra-latina.com\/wp-content\/uploads\/2023\/01\/tierra-latina-assurance-sanitaire-covid-2022-1024x588.jpg 1024w, https:\/\/www.tierra-latina.com\/wp-content\/uploads\/2023\/01\/tierra-latina-assurance-sanitaire-covid-2022-768x441.jpg 768w, https:\/\/www.tierra-latina.com\/wp-content\/uploads\/2023\/01\/tierra-latina-assurance-sanitaire-covid-2022-1536x883.jpg 1536w, https:\/\/www.tierra-latina.com\/wp-content\/uploads\/2023\/01\/tierra-latina-assurance-sanitaire-covid-2022-2048x1177.jpg 2048w\" sizes=\"(max-width: 2182px) 100vw, 2182px\" \/><\/p>\n<h3>Comment souscrire \u00e0 une assurance voyage ?<\/h3>\n<p>Pour tous s\u00e9jours contract\u00e9s chez nous, l\u2019assurance de voyage COVID-19 vous sera propos\u00e9e.<\/p>\n<p>Avec le tableau des garanties vous avez la possibilit\u00e9 de comparer nos garanties avec celles de votre assurance personnelle (ou celle li\u00e9e \u00e0 votre carte bancaire).<\/p>\n<p>Si vous d\u00e9cidez de souscrire \u00e0 notre assurance de voyage COVID-19 nous engageons les d\u00e9marches pour vous. Par la suite, vous recevrez par mail votre attestation d\u2019assurance ainsi que le num\u00e9ro d\u2019urgence (disponible 24\/7 en fran\u00e7ais) \u00e0 contacter en cas de besoin sur place.<\/p>\n<p>Vous avez besoin de faire valoir vos garanties d\u2019assurance avant ou apr\u00e8s votre voyage ? Nous vous fournissons le contact direct. D\u00e8s que vous avez connaissance du sinistre, vous pourrez le d\u00e9clarer directement aupr\u00e8s de l\u2019assurance gr\u00e2ce \u00e0 votre num\u00e9ro de contrat. SI vous avez besoin d\u2019une assistance sur place lors de votre s\u00e9jour en Am\u00e9rique Latine, vous avez acc\u00e8s \u00e0 une ligne direct pour assister dans vos d\u00e9marches.<\/p>\n<p>Et comme toujours, Tierra Latina vous met \u00e0 disposition sa propre\u00a0<strong>ligne d\u2019urgence 24\/7 pendant toute la dur\u00e9e de votre s\u00e9jour en Am\u00e9rique Latine.<\/strong><\/p>\n","protected":false},"excerpt":{"rendered":"<p>D\u00e9couvrez notre assurance de voyage COVID-19 pour un s\u00e9jour en Am\u00e9rique Latine en toute s\u00e9r\u00e9nit\u00e9. Retrouvez les tableaux de garanties sur cette page sp\u00e9ciale assurances.<\/p>\n","protected":false},"author":1,"featured_media":19501,"parent":0,"menu_order":0,"comment_status":"open","ping_status":"open","template":"","meta":{"footnotes":""},"class_list":["post-27705","page","type-page","status-publish","has-post-thumbnail","hentry"],"yoast_head":"<!-- This site is optimized with the Yoast SEO plugin v22.8 - https:\/\/yoast.com\/wordpress\/plugins\/seo\/ -->\n<title>Assurance Voyages | Am\u00e9rique Latine | Voyages sur mesure | Tierra Latina<\/title>\n<meta name=\"description\" content=\"Retrouvez les garanties d&#039;une assurance de voyage COVID-19 pour d\u00e9couvrir l&#039;Am\u00e9rique Latine en toute s\u00e9r\u00e9nit\u00e9.\" \/>\n<meta name=\"robots\" content=\"index, follow, max-snippet:-1, max-image-preview:large, max-video-preview:-1\" \/>\n<link rel=\"canonical\" href=\"https:\/\/www.tierra-latina.com\/assurance-voyage\/\" \/>\n<meta property=\"og:locale\" content=\"de_DE\" \/>\n<meta property=\"og:type\" content=\"article\" \/>\n<meta property=\"og:title\" content=\"Assurance Voyages | Am\u00e9rique Latine | Voyages sur mesure | Tierra Latina\" \/>\n<meta property=\"og:description\" content=\"Retrouvez les garanties d&#039;une assurance de voyage COVID-19 pour d\u00e9couvrir l&#039;Am\u00e9rique Latine en toute s\u00e9r\u00e9nit\u00e9.\" \/>\n<meta property=\"og:url\" content=\"https:\/\/www.tierra-latina.com\/assurance-voyage\/\" \/>\n<meta property=\"og:site_name\" content=\"Tierra Latina\" \/>\n<meta property=\"article:modified_time\" content=\"2024-05-14T10:09:37+00:00\" \/>\n<meta property=\"og:image\" content=\"https:\/\/www.tierra-latina.com\/wp-content\/uploads\/2021\/08\/tierra-latina-kevin-delvecch.jpeg\" \/>\n\t<meta property=\"og:image:width\" content=\"1900\" \/>\n\t<meta property=\"og:image:height\" content=\"1000\" \/>\n\t<meta property=\"og:image:type\" content=\"image\/jpeg\" \/>\n<meta name=\"twitter:card\" content=\"summary_large_image\" \/>\n<meta name=\"twitter:label1\" content=\"Gesch\u00e4tzte Lesezeit\" \/>\n\t<meta name=\"twitter:data1\" content=\"3\u00a0Minuten\" \/>\n<script type=\"application\/ld+json\" class=\"yoast-schema-graph\">{\"@context\":\"https:\/\/schema.org\",\"@graph\":[{\"@type\":\"WebPage\",\"@id\":\"https:\/\/www.tierra-latina.com\/assurance-voyage\/\",\"url\":\"https:\/\/www.tierra-latina.com\/assurance-voyage\/\",\"name\":\"Assurance Voyages | Am\u00e9rique Latine | Voyages sur mesure | Tierra Latina\",\"isPartOf\":{\"@id\":\"https:\/\/www.tierra-latina.com\/#website\"},\"primaryImageOfPage\":{\"@id\":\"https:\/\/www.tierra-latina.com\/assurance-voyage\/#primaryimage\"},\"image\":{\"@id\":\"https:\/\/www.tierra-latina.com\/assurance-voyage\/#primaryimage\"},\"thumbnailUrl\":\"https:\/\/www.tierra-latina.com\/wp-content\/uploads\/2021\/08\/tierra-latina-kevin-delvecch.jpeg\",\"datePublished\":\"2019-01-31T14:41:18+00:00\",\"dateModified\":\"2024-05-14T10:09:37+00:00\",\"description\":\"Retrouvez les garanties d'une assurance de voyage COVID-19 pour d\u00e9couvrir l'Am\u00e9rique Latine en toute s\u00e9r\u00e9nit\u00e9.\",\"breadcrumb\":{\"@id\":\"https:\/\/www.tierra-latina.com\/assurance-voyage\/#breadcrumb\"},\"inLanguage\":\"de\",\"potentialAction\":[{\"@type\":\"ReadAction\",\"target\":[\"https:\/\/www.tierra-latina.com\/assurance-voyage\/\"]}]},{\"@type\":\"ImageObject\",\"inLanguage\":\"de\",\"@id\":\"https:\/\/www.tierra-latina.com\/assurance-voyage\/#primaryimage\",\"url\":\"https:\/\/www.tierra-latina.com\/wp-content\/uploads\/2021\/08\/tierra-latina-kevin-delvecch.jpeg\",\"contentUrl\":\"https:\/\/www.tierra-latina.com\/wp-content\/uploads\/2021\/08\/tierra-latina-kevin-delvecch.jpeg\",\"width\":1900,\"height\":1000,\"caption\":\"Assurance covid-19\"},{\"@type\":\"BreadcrumbList\",\"@id\":\"https:\/\/www.tierra-latina.com\/assurance-voyage\/#breadcrumb\",\"itemListElement\":[{\"@type\":\"ListItem\",\"position\":1,\"name\":\"Home\",\"item\":\"https:\/\/www.tierra-latina.com\/\"},{\"@type\":\"ListItem\",\"position\":2,\"name\":\"Assurance de voyage COVID-19\"}]},{\"@type\":\"WebSite\",\"@id\":\"https:\/\/www.tierra-latina.com\/#website\",\"url\":\"https:\/\/www.tierra-latina.com\/\",\"name\":\"Tierra Latina\",\"description\":\"Immersion chez l&#039;habitant en Am\u00e9rique du Sud\",\"publisher\":{\"@id\":\"https:\/\/www.tierra-latina.com\/#organization\"},\"potentialAction\":[{\"@type\":\"SearchAction\",\"target\":{\"@type\":\"EntryPoint\",\"urlTemplate\":\"https:\/\/www.tierra-latina.com\/?s={search_term_string}\"},\"query-input\":\"required name=search_term_string\"}],\"inLanguage\":\"de\"},{\"@type\":\"Organization\",\"@id\":\"https:\/\/www.tierra-latina.com\/#organization\",\"name\":\"Tierra Latina\",\"url\":\"https:\/\/www.tierra-latina.com\/\",\"logo\":{\"@type\":\"ImageObject\",\"inLanguage\":\"de\",\"@id\":\"https:\/\/www.tierra-latina.com\/#\/schema\/logo\/image\/\",\"url\":\"https:\/\/www.tierra-latina.com\/wp-content\/uploads\/2018\/02\/Tierra_Latina_Logo_180.png\",\"contentUrl\":\"https:\/\/www.tierra-latina.com\/wp-content\/uploads\/2018\/02\/Tierra_Latina_Logo_180.png\",\"width\":306,\"height\":180,\"caption\":\"Tierra Latina\"},\"image\":{\"@id\":\"https:\/\/www.tierra-latina.com\/#\/schema\/logo\/image\/\"}}]}<\/script>\n<!-- \/ Yoast SEO plugin. -->","yoast_head_json":{"title":"Assurance Voyages | Am\u00e9rique Latine | Voyages sur mesure | Tierra Latina","description":"Retrouvez les garanties d'une assurance de voyage COVID-19 pour d\u00e9couvrir l'Am\u00e9rique Latine en toute s\u00e9r\u00e9nit\u00e9.","robots":{"index":"index","follow":"follow","max-snippet":"max-snippet:-1","max-image-preview":"max-image-preview:large","max-video-preview":"max-video-preview:-1"},"canonical":"https:\/\/www.tierra-latina.com\/assurance-voyage\/","og_locale":"de_DE","og_type":"article","og_title":"Assurance Voyages | Am\u00e9rique Latine | Voyages sur mesure | Tierra Latina","og_description":"Retrouvez les garanties d'une assurance de voyage COVID-19 pour d\u00e9couvrir l'Am\u00e9rique Latine en toute s\u00e9r\u00e9nit\u00e9.","og_url":"https:\/\/www.tierra-latina.com\/assurance-voyage\/","og_site_name":"Tierra Latina","article_modified_time":"2024-05-14T10:09:37+00:00","og_image":[{"width":1900,"height":1000,"url":"https:\/\/www.tierra-latina.com\/wp-content\/uploads\/2021\/08\/tierra-latina-kevin-delvecch.jpeg","type":"image\/jpeg"}],"twitter_card":"summary_large_image","twitter_misc":{"Gesch\u00e4tzte Lesezeit":"3\u00a0Minuten"},"schema":{"@context":"https:\/\/schema.org","@graph":[{"@type":"WebPage","@id":"https:\/\/www.tierra-latina.com\/assurance-voyage\/","url":"https:\/\/www.tierra-latina.com\/assurance-voyage\/","name":"Assurance Voyages | Am\u00e9rique Latine | Voyages sur mesure | Tierra Latina","isPartOf":{"@id":"https:\/\/www.tierra-latina.com\/#website"},"primaryImageOfPage":{"@id":"https:\/\/www.tierra-latina.com\/assurance-voyage\/#primaryimage"},"image":{"@id":"https:\/\/www.tierra-latina.com\/assurance-voyage\/#primaryimage"},"thumbnailUrl":"https:\/\/www.tierra-latina.com\/wp-content\/uploads\/2021\/08\/tierra-latina-kevin-delvecch.jpeg","datePublished":"2019-01-31T14:41:18+00:00","dateModified":"2024-05-14T10:09:37+00:00","description":"Retrouvez les garanties d'une assurance de voyage COVID-19 pour d\u00e9couvrir l'Am\u00e9rique Latine en toute s\u00e9r\u00e9nit\u00e9.","breadcrumb":{"@id":"https:\/\/www.tierra-latina.com\/assurance-voyage\/#breadcrumb"},"inLanguage":"de","potentialAction":[{"@type":"ReadAction","target":["https:\/\/www.tierra-latina.com\/assurance-voyage\/"]}]},{"@type":"ImageObject","inLanguage":"de","@id":"https:\/\/www.tierra-latina.com\/assurance-voyage\/#primaryimage","url":"https:\/\/www.tierra-latina.com\/wp-content\/uploads\/2021\/08\/tierra-latina-kevin-delvecch.jpeg","contentUrl":"https:\/\/www.tierra-latina.com\/wp-content\/uploads\/2021\/08\/tierra-latina-kevin-delvecch.jpeg","width":1900,"height":1000,"caption":"Assurance covid-19"},{"@type":"BreadcrumbList","@id":"https:\/\/www.tierra-latina.com\/assurance-voyage\/#breadcrumb","itemListElement":[{"@type":"ListItem","position":1,"name":"Home","item":"https:\/\/www.tierra-latina.com\/"},{"@type":"ListItem","position":2,"name":"Assurance de voyage COVID-19"}]},{"@type":"WebSite","@id":"https:\/\/www.tierra-latina.com\/#website","url":"https:\/\/www.tierra-latina.com\/","name":"Tierra Latina","description":"Immersion chez l&#039;habitant en Am\u00e9rique du Sud","publisher":{"@id":"https:\/\/www.tierra-latina.com\/#organization"},"potentialAction":[{"@type":"SearchAction","target":{"@type":"EntryPoint","urlTemplate":"https:\/\/www.tierra-latina.com\/?s={search_term_string}"},"query-input":"required name=search_term_string"}],"inLanguage":"de"},{"@type":"Organization","@id":"https:\/\/www.tierra-latina.com\/#organization","name":"Tierra Latina","url":"https:\/\/www.tierra-latina.com\/","logo":{"@type":"ImageObject","inLanguage":"de","@id":"https:\/\/www.tierra-latina.com\/#\/schema\/logo\/image\/","url":"https:\/\/www.tierra-latina.com\/wp-content\/uploads\/2018\/02\/Tierra_Latina_Logo_180.png","contentUrl":"https:\/\/www.tierra-latina.com\/wp-content\/uploads\/2018\/02\/Tierra_Latina_Logo_180.png","width":306,"height":180,"caption":"Tierra Latina"},"image":{"@id":"https:\/\/www.tierra-latina.com\/#\/schema\/logo\/image\/"}}]}},"_links":{"self":[{"href":"https:\/\/www.tierra-latina.com\/de\/wp-json\/wp\/v2\/pages\/27705","targetHints":{"allow":["GET"]}}],"collection":[{"href":"https:\/\/www.tierra-latina.com\/de\/wp-json\/wp\/v2\/pages"}],"about":[{"href":"https:\/\/www.tierra-latina.com\/de\/wp-json\/wp\/v2\/types\/page"}],"author":[{"embeddable":true,"href":"https:\/\/www.tierra-latina.com\/de\/wp-json\/wp\/v2\/users\/1"}],"replies":[{"embeddable":true,"href":"https:\/\/www.tierra-latina.com\/de\/wp-json\/wp\/v2\/comments?post=27705"}],"version-history":[{"count":0,"href":"https:\/\/www.tierra-latina.com\/de\/wp-json\/wp\/v2\/pages\/27705\/revisions"}],"wp:featuredmedia":[{"embeddable":true,"href":"https:\/\/www.tierra-latina.com\/de\/wp-json\/wp\/v2\/media\/19501"}],"wp:attachment":[{"href":"https:\/\/www.tierra-latina.com\/de\/wp-json\/wp\/v2\/media?parent=27705"}],"curies":[{"name":"wp","href":"https:\/\/api.w.org\/{rel}","templated":true}]}}