{"id":43546,"date":"2024-07-17T15:00:34","date_gmt":"2024-07-17T13:00:34","guid":{"rendered":"https:\/\/www.tierra-latina.com\/?page_id=43546"},"modified":"2024-07-17T15:33:18","modified_gmt":"2024-07-17T13:33:18","slug":"merci","status":"publish","type":"page","link":"https:\/\/www.tierra-latina.com\/de\/merci\/","title":{"rendered":"Merci !"},"content":{"rendered":"\n<p><\/p>\n\n\n\n<div style=\"height:100px\" aria-hidden=\"true\" class=\"wp-block-spacer\"><\/div>\n\n\n\n<h2 class=\"wp-block-heading has-text-align-center\">Merci de vous \u00eatre abonn\u00e9 \u00e0 notre&nbsp;<strong>newsletter<\/strong>. <\/h2>\n\n\n\n<p class=\"has-text-align-center\">Nous sommes ravis de vous accueillir dans notre communaut\u00e9.<\/p>\n","protected":false},"excerpt":{"rendered":"<p>Merci de vous \u00eatre abonn\u00e9 \u00e0 notre&nbsp;newsletter. Nous sommes ravis de vous accueillir dans notre communaut\u00e9.<\/p>\n","protected":false},"author":1,"featured_media":0,"parent":0,"menu_order":0,"comment_status":"closed","ping_status":"closed","template":"","meta":{"footnotes":""},"class_list":["post-43546","page","type-page","status-publish","hentry"],"yoast_head":"<!-- This site is optimized with the Yoast SEO plugin v22.8 - https:\/\/yoast.com\/wordpress\/plugins\/seo\/ -->\n<title>Merci ! - Tierra Latina<\/title>\n<meta name=\"robots\" content=\"noindex, follow\" \/>\n<meta property=\"og:locale\" content=\"de_DE\" \/>\n<meta property=\"og:type\" content=\"article\" \/>\n<meta property=\"og:title\" content=\"Merci ! - Tierra Latina\" \/>\n<meta property=\"og:description\" content=\"Merci de vous \u00eatre abonn\u00e9 \u00e0 notre&nbsp;newsletter. Nous sommes ravis de vous accueillir dans notre communaut\u00e9.\" \/>\n<meta property=\"og:url\" content=\"https:\/\/www.tierra-latina.com\/merci\/\" \/>\n<meta property=\"og:site_name\" content=\"Tierra Latina\" \/>\n<meta property=\"article:modified_time\" content=\"2024-07-17T13:33:18+00:00\" \/>\n<meta property=\"og:image\" content=\"https:\/\/www.tierra-latina.com\/wp-content\/uploads\/2015\/08\/BUENOS_AIRES_ARGENTINE_voyage_sur_mesure_TIERRA_LATINA_110-3.jpg\" \/>\n\t<meta property=\"og:image:width\" content=\"1575\" \/>\n\t<meta property=\"og:image:height\" content=\"1050\" \/>\n\t<meta property=\"og:image:type\" content=\"image\/jpeg\" \/>\n<meta name=\"twitter:card\" content=\"summary_large_image\" \/>\n<meta name=\"twitter:label1\" content=\"Gesch\u00e4tzte Lesezeit\" \/>\n\t<meta name=\"twitter:data1\" content=\"1\u00a0Minute\" \/>\n<script type=\"application\/ld+json\" class=\"yoast-schema-graph\">{\"@context\":\"https:\/\/schema.org\",\"@graph\":[{\"@type\":\"WebPage\",\"@id\":\"https:\/\/www.tierra-latina.com\/merci\/\",\"url\":\"https:\/\/www.tierra-latina.com\/merci\/\",\"name\":\"Merci ! - Tierra Latina\",\"isPartOf\":{\"@id\":\"https:\/\/www.tierra-latina.com\/#website\"},\"datePublished\":\"2024-07-17T13:00:34+00:00\",\"dateModified\":\"2024-07-17T13:33:18+00:00\",\"breadcrumb\":{\"@id\":\"https:\/\/www.tierra-latina.com\/merci\/#breadcrumb\"},\"inLanguage\":\"de\",\"potentialAction\":[{\"@type\":\"ReadAction\",\"target\":[\"https:\/\/www.tierra-latina.com\/merci\/\"]}]},{\"@type\":\"BreadcrumbList\",\"@id\":\"https:\/\/www.tierra-latina.com\/merci\/#breadcrumb\",\"itemListElement\":[{\"@type\":\"ListItem\",\"position\":1,\"name\":\"Home\",\"item\":\"https:\/\/www.tierra-latina.com\/\"},{\"@type\":\"ListItem\",\"position\":2,\"name\":\"Merci !\"}]},{\"@type\":\"WebSite\",\"@id\":\"https:\/\/www.tierra-latina.com\/#website\",\"url\":\"https:\/\/www.tierra-latina.com\/\",\"name\":\"Tierra Latina\",\"description\":\"Immersion chez l&#039;habitant en Am\u00e9rique du Sud\",\"publisher\":{\"@id\":\"https:\/\/www.tierra-latina.com\/#organization\"},\"potentialAction\":[{\"@type\":\"SearchAction\",\"target\":{\"@type\":\"EntryPoint\",\"urlTemplate\":\"https:\/\/www.tierra-latina.com\/?s={search_term_string}\"},\"query-input\":\"required name=search_term_string\"}],\"inLanguage\":\"de\"},{\"@type\":\"Organization\",\"@id\":\"https:\/\/www.tierra-latina.com\/#organization\",\"name\":\"Tierra Latina\",\"url\":\"https:\/\/www.tierra-latina.com\/\",\"logo\":{\"@type\":\"ImageObject\",\"inLanguage\":\"de\",\"@id\":\"https:\/\/www.tierra-latina.com\/#\/schema\/logo\/image\/\",\"url\":\"https:\/\/www.tierra-latina.com\/wp-content\/uploads\/2018\/02\/Tierra_Latina_Logo_180.png\",\"contentUrl\":\"https:\/\/www.tierra-latina.com\/wp-content\/uploads\/2018\/02\/Tierra_Latina_Logo_180.png\",\"width\":306,\"height\":180,\"caption\":\"Tierra Latina\"},\"image\":{\"@id\":\"https:\/\/www.tierra-latina.com\/#\/schema\/logo\/image\/\"}}]}<\/script>\n<!-- \/ Yoast SEO plugin. -->","yoast_head_json":{"title":"Merci ! - Tierra Latina","robots":{"index":"noindex","follow":"follow"},"og_locale":"de_DE","og_type":"article","og_title":"Merci ! - Tierra Latina","og_description":"Merci de vous \u00eatre abonn\u00e9 \u00e0 notre&nbsp;newsletter. Nous sommes ravis de vous accueillir dans notre communaut\u00e9.","og_url":"https:\/\/www.tierra-latina.com\/merci\/","og_site_name":"Tierra Latina","article_modified_time":"2024-07-17T13:33:18+00:00","og_image":[{"width":1575,"height":1050,"url":"https:\/\/www.tierra-latina.com\/wp-content\/uploads\/2015\/08\/BUENOS_AIRES_ARGENTINE_voyage_sur_mesure_TIERRA_LATINA_110-3.jpg","type":"image\/jpeg"}],"twitter_card":"summary_large_image","twitter_misc":{"Gesch\u00e4tzte Lesezeit":"1\u00a0Minute"},"schema":{"@context":"https:\/\/schema.org","@graph":[{"@type":"WebPage","@id":"https:\/\/www.tierra-latina.com\/merci\/","url":"https:\/\/www.tierra-latina.com\/merci\/","name":"Merci ! - Tierra Latina","isPartOf":{"@id":"https:\/\/www.tierra-latina.com\/#website"},"datePublished":"2024-07-17T13:00:34+00:00","dateModified":"2024-07-17T13:33:18+00:00","breadcrumb":{"@id":"https:\/\/www.tierra-latina.com\/merci\/#breadcrumb"},"inLanguage":"de","potentialAction":[{"@type":"ReadAction","target":["https:\/\/www.tierra-latina.com\/merci\/"]}]},{"@type":"BreadcrumbList","@id":"https:\/\/www.tierra-latina.com\/merci\/#breadcrumb","itemListElement":[{"@type":"ListItem","position":1,"name":"Home","item":"https:\/\/www.tierra-latina.com\/"},{"@type":"ListItem","position":2,"name":"Merci !"}]},{"@type":"WebSite","@id":"https:\/\/www.tierra-latina.com\/#website","url":"https:\/\/www.tierra-latina.com\/","name":"Tierra Latina","description":"Immersion chez l&#039;habitant en Am\u00e9rique du Sud","publisher":{"@id":"https:\/\/www.tierra-latina.com\/#organization"},"potentialAction":[{"@type":"SearchAction","target":{"@type":"EntryPoint","urlTemplate":"https:\/\/www.tierra-latina.com\/?s={search_term_string}"},"query-input":"required name=search_term_string"}],"inLanguage":"de"},{"@type":"Organization","@id":"https:\/\/www.tierra-latina.com\/#organization","name":"Tierra Latina","url":"https:\/\/www.tierra-latina.com\/","logo":{"@type":"ImageObject","inLanguage":"de","@id":"https:\/\/www.tierra-latina.com\/#\/schema\/logo\/image\/","url":"https:\/\/www.tierra-latina.com\/wp-content\/uploads\/2018\/02\/Tierra_Latina_Logo_180.png","contentUrl":"https:\/\/www.tierra-latina.com\/wp-content\/uploads\/2018\/02\/Tierra_Latina_Logo_180.png","width":306,"height":180,"caption":"Tierra Latina"},"image":{"@id":"https:\/\/www.tierra-latina.com\/#\/schema\/logo\/image\/"}}]}},"_links":{"self":[{"href":"https:\/\/www.tierra-latina.com\/de\/wp-json\/wp\/v2\/pages\/43546","targetHints":{"allow":["GET"]}}],"collection":[{"href":"https:\/\/www.tierra-latina.com\/de\/wp-json\/wp\/v2\/pages"}],"about":[{"href":"https:\/\/www.tierra-latina.com\/de\/wp-json\/wp\/v2\/types\/page"}],"author":[{"embeddable":true,"href":"https:\/\/www.tierra-latina.com\/de\/wp-json\/wp\/v2\/users\/1"}],"replies":[{"embeddable":true,"href":"https:\/\/www.tierra-latina.com\/de\/wp-json\/wp\/v2\/comments?post=43546"}],"version-history":[{"count":0,"href":"https:\/\/www.tierra-latina.com\/de\/wp-json\/wp\/v2\/pages\/43546\/revisions"}],"wp:attachment":[{"href":"https:\/\/www.tierra-latina.com\/de\/wp-json\/wp\/v2\/media?parent=43546"}],"curies":[{"name":"wp","href":"https:\/\/api.w.org\/{rel}","templated":true}]}}