{"id":46364,"date":"2018-12-16T13:33:45","date_gmt":"2018-12-16T12:33:45","guid":{"rendered":"https:\/\/www.tierra-latina.com\/rechtliche-informationen\/"},"modified":"2018-12-16T13:33:45","modified_gmt":"2018-12-16T12:33:45","slug":"rechtliche-informationen","status":"publish","type":"page","link":"https:\/\/www.tierra-latina.com\/de\/rechtliche-informationen\/","title":{"rendered":"Rechtliche Informationen"},"content":{"rendered":"<h3 style=\"text-align: left;\">REGISTRIERUNGEN<\/h3>\n<p style=\"text-align: justify;\">Diese Website wird von Tierra Latina, einer SAS mit einem Kapital von 7.500 Euro, herausgegeben, die im Handels- und Gesellschaftsregister von Nanterre unter der Nummer 807 823 919 registriert ist.<\/p>\n<p style=\"text-align: justify;\">Tierra Latina ist ein Reiseb\u00fcro, das im Register der Reise- und Aufenthaltsveranstalter von Atout France unter der Nummer IM092150004 eingetragen ist.<\/p>\n<p style=\"text-align: justify;\">Tierra Latina ist Mitglied der Association Professionnelle de Solidarit\u00e9 du Tourisme (APST), 15 avenue Carnot 75017 Paris.<\/p>\n<p style=\"text-align: justify;\">Tierra Latina ist bei HISCOX gegen Berufshaftpflicht versichert, Vertrag Nr. HA PRC0121590.<\/p>\n<h3 style=\"text-align: left;\">CORDONNEES<\/h3>\n<p style=\"text-align: justify;\">Der Hauptsitz befindet sich in 14 rue de Tolbiac, 75013 Paris.<\/p>\n<p style=\"text-align: justify;\">Telefon: 09 70 46 52 27<\/p>\n<p style=\"text-align: justify;\">E-Mail: contact@tierra-latina.com<\/p>\n<p><strong>VISUELLES<\/strong><\/p>\n<p style=\"text-align: justify;\">Die Vervielf\u00e4ltigung, Nutzung und Verwertung von Fotografien, Bildern, Karten und anderen Illustrationen, die auf der Website von TIERRA LATINA ver\u00f6ffentlicht werden, ist ohne vorherige Absprache mit dem Autor strengstens untersagt.<\/p>\n<p><strong>INFORMATIONEN UND LINKS<\/strong><\/p>\n<p style=\"text-align: justify;\">Die Website von TIERRA LATINA bietet Inhalte zu Informationszwecken. Diese Informationen werden unabh\u00e4ngig von ihrem Ursprung in der vorliegenden Form bereitgestellt. Sie gelten nicht als Vertrag.<\/p>\n<p style=\"text-align: justify;\">Diese Website enth\u00e4lt Hyperlinks zu anderen Websites und Verweise auf andere Informationsquellen. Diese Links und Informationsquellen werden Ihnen nur zu Informationszwecken zur Verf\u00fcgung gestellt. TIERRA LATINA \u00fcbernimmt keine Haftung f\u00fcr Sch\u00e4den, die sich aus der Konsultation von Informationen auf anderen Websites oder in anderen Informationsquellen im Allgemeinen ergeben k\u00f6nnen, auf die diese Website verweist. TIERRA LATINA beh\u00e4lt sich das Recht vor, jederzeit die Entfernung eines Hypertext-Links zu verlangen, der auf ihre Website verweist.<\/p>\n<p style=\"text-align: justify;\">TIERRA LATINA beh\u00e4lt sich alle geistigen Eigentumsrechte an dieser Website und an den zur Verf\u00fcgung gestellten Informationen vor. Gem\u00e4\u00df den Bestimmungen zum Schutz des Urheberrechts ist jede auch nur teilweise Vervielf\u00e4ltigung von grafischen Elementen, der Struktur der Website oder des Inhalts ohne vorherige Genehmigung von TIERRA LATINA strengstens untersagt. Antr\u00e4ge auf Vervielf\u00e4ltigung und\/oder Nutzung in anderen Medien k\u00f6nnen jedoch an folgende Adresse gerichtet werden: <a href=\"mailto:contact@tierra-latina.com\">contact@tierra-latina.com<\/a><\/p>\n","protected":false},"excerpt":{"rendered":"<p>REGISTRIERUNGEN Diese Website wird von Tierra Latina, einer SAS mit einem Kapital von 7.500 Euro, herausgegeben, die im Handels- und Gesellschaftsregister von Nanterre unter der Nummer 807 823 919 registriert ist. Tierra Latina ist ein Reiseb\u00fcro, das im Register der Reise- und Aufenthaltsveranstalter von Atout France unter der Nummer IM092150004 eingetragen ist. Tierra Latina ist [&hellip;]<\/p>\n","protected":false},"author":1,"featured_media":35295,"parent":0,"menu_order":0,"comment_status":"open","ping_status":"open","template":"","meta":{"footnotes":""},"class_list":["post-46364","page","type-page","status-publish","has-post-thumbnail","hentry"],"yoast_head":"<!-- This site is optimized with the Yoast SEO plugin v22.8 - https:\/\/yoast.com\/wordpress\/plugins\/seo\/ -->\n<title>Rechtliche Informationen | Tierra Latina | Ma\u00dfgeschneiderte Reisen bei Einheimischen<\/title>\n<meta name=\"description\" content=\"Auf dieser Seite finden Sie alle rechtlichen Informationen \u00fcber den Reiseveranstalter Tierra Latina!\" \/>\n<meta name=\"robots\" content=\"index, follow, max-snippet:-1, max-image-preview:large, max-video-preview:-1\" \/>\n<link rel=\"canonical\" href=\"https:\/\/www.tierra-latina.com\/de\/rechtliche-informationen\/\" \/>\n<meta property=\"og:locale\" content=\"de_DE\" \/>\n<meta property=\"og:type\" content=\"article\" \/>\n<meta property=\"og:title\" content=\"Rechtliche Informationen | Tierra Latina | Ma\u00dfgeschneiderte Reisen bei Einheimischen\" \/>\n<meta property=\"og:description\" content=\"Auf dieser Seite finden Sie alle rechtlichen Informationen \u00fcber den Reiseveranstalter Tierra Latina!\" \/>\n<meta property=\"og:url\" content=\"https:\/\/www.tierra-latina.com\/de\/rechtliche-informationen\/\" \/>\n<meta property=\"og:site_name\" content=\"Tierra Latina\" \/>\n<meta property=\"og:image\" content=\"https:\/\/www.tierra-latina.com\/wp-content\/uploads\/2018\/12\/florian-von-der-fecht-estancia-nibepo-aike-patagonie-argentine-tierra-latina.png\" \/>\n\t<meta property=\"og:image:width\" content=\"1500\" \/>\n\t<meta property=\"og:image:height\" content=\"800\" \/>\n\t<meta property=\"og:image:type\" content=\"image\/png\" \/>\n<meta name=\"twitter:card\" content=\"summary_large_image\" \/>\n<meta name=\"twitter:label1\" content=\"Gesch\u00e4tzte Lesezeit\" \/>\n\t<meta name=\"twitter:data1\" content=\"2\u00a0Minuten\" \/>\n<script type=\"application\/ld+json\" class=\"yoast-schema-graph\">{\"@context\":\"https:\/\/schema.org\",\"@graph\":[{\"@type\":\"WebPage\",\"@id\":\"https:\/\/www.tierra-latina.com\/de\/rechtliche-informationen\/\",\"url\":\"https:\/\/www.tierra-latina.com\/de\/rechtliche-informationen\/\",\"name\":\"Rechtliche Informationen | Tierra Latina | Ma\u00dfgeschneiderte Reisen bei Einheimischen\",\"isPartOf\":{\"@id\":\"https:\/\/www.tierra-latina.com\/#website\"},\"primaryImageOfPage\":{\"@id\":\"https:\/\/www.tierra-latina.com\/de\/rechtliche-informationen\/#primaryimage\"},\"image\":{\"@id\":\"https:\/\/www.tierra-latina.com\/de\/rechtliche-informationen\/#primaryimage\"},\"thumbnailUrl\":\"https:\/\/www.tierra-latina.com\/wp-content\/uploads\/2018\/12\/florian-von-der-fecht-estancia-nibepo-aike-patagonie-argentine-tierra-latina.png\",\"datePublished\":\"2018-12-16T12:33:45+00:00\",\"dateModified\":\"2018-12-16T12:33:45+00:00\",\"description\":\"Auf dieser Seite finden Sie alle rechtlichen Informationen \u00fcber den Reiseveranstalter Tierra Latina!\",\"breadcrumb\":{\"@id\":\"https:\/\/www.tierra-latina.com\/de\/rechtliche-informationen\/#breadcrumb\"},\"inLanguage\":\"de\",\"potentialAction\":[{\"@type\":\"ReadAction\",\"target\":[\"https:\/\/www.tierra-latina.com\/de\/rechtliche-informationen\/\"]}]},{\"@type\":\"ImageObject\",\"inLanguage\":\"de\",\"@id\":\"https:\/\/www.tierra-latina.com\/de\/rechtliche-informationen\/#primaryimage\",\"url\":\"https:\/\/www.tierra-latina.com\/wp-content\/uploads\/2018\/12\/florian-von-der-fecht-estancia-nibepo-aike-patagonie-argentine-tierra-latina.png\",\"contentUrl\":\"https:\/\/www.tierra-latina.com\/wp-content\/uploads\/2018\/12\/florian-von-der-fecht-estancia-nibepo-aike-patagonie-argentine-tierra-latina.png\",\"width\":1500,\"height\":800,\"caption\":\"Patagonie Argentine, gauchos au Parc National des Glaciers\"},{\"@type\":\"BreadcrumbList\",\"@id\":\"https:\/\/www.tierra-latina.com\/de\/rechtliche-informationen\/#breadcrumb\",\"itemListElement\":[{\"@type\":\"ListItem\",\"position\":1,\"name\":\"Home\",\"item\":\"https:\/\/www.tierra-latina.com\/\"},{\"@type\":\"ListItem\",\"position\":2,\"name\":\"Rechtliche Informationen\"}]},{\"@type\":\"WebSite\",\"@id\":\"https:\/\/www.tierra-latina.com\/#website\",\"url\":\"https:\/\/www.tierra-latina.com\/\",\"name\":\"Tierra Latina\",\"description\":\"Immersion chez l&#039;habitant en Am\u00e9rique du Sud\",\"publisher\":{\"@id\":\"https:\/\/www.tierra-latina.com\/#organization\"},\"potentialAction\":[{\"@type\":\"SearchAction\",\"target\":{\"@type\":\"EntryPoint\",\"urlTemplate\":\"https:\/\/www.tierra-latina.com\/?s={search_term_string}\"},\"query-input\":\"required name=search_term_string\"}],\"inLanguage\":\"de\"},{\"@type\":\"Organization\",\"@id\":\"https:\/\/www.tierra-latina.com\/#organization\",\"name\":\"Tierra Latina\",\"url\":\"https:\/\/www.tierra-latina.com\/\",\"logo\":{\"@type\":\"ImageObject\",\"inLanguage\":\"de\",\"@id\":\"https:\/\/www.tierra-latina.com\/#\/schema\/logo\/image\/\",\"url\":\"https:\/\/www.tierra-latina.com\/wp-content\/uploads\/2018\/02\/Tierra_Latina_Logo_180.png\",\"contentUrl\":\"https:\/\/www.tierra-latina.com\/wp-content\/uploads\/2018\/02\/Tierra_Latina_Logo_180.png\",\"width\":306,\"height\":180,\"caption\":\"Tierra Latina\"},\"image\":{\"@id\":\"https:\/\/www.tierra-latina.com\/#\/schema\/logo\/image\/\"}}]}<\/script>\n<!-- \/ Yoast SEO plugin. -->","yoast_head_json":{"title":"Rechtliche Informationen | Tierra Latina | Ma\u00dfgeschneiderte Reisen bei Einheimischen","description":"Auf dieser Seite finden Sie alle rechtlichen Informationen \u00fcber den Reiseveranstalter Tierra Latina!","robots":{"index":"index","follow":"follow","max-snippet":"max-snippet:-1","max-image-preview":"max-image-preview:large","max-video-preview":"max-video-preview:-1"},"canonical":"https:\/\/www.tierra-latina.com\/de\/rechtliche-informationen\/","og_locale":"de_DE","og_type":"article","og_title":"Rechtliche Informationen | Tierra Latina | Ma\u00dfgeschneiderte Reisen bei Einheimischen","og_description":"Auf dieser Seite finden Sie alle rechtlichen Informationen \u00fcber den Reiseveranstalter Tierra Latina!","og_url":"https:\/\/www.tierra-latina.com\/de\/rechtliche-informationen\/","og_site_name":"Tierra Latina","og_image":[{"width":1500,"height":800,"url":"https:\/\/www.tierra-latina.com\/wp-content\/uploads\/2018\/12\/florian-von-der-fecht-estancia-nibepo-aike-patagonie-argentine-tierra-latina.png","type":"image\/png"}],"twitter_card":"summary_large_image","twitter_misc":{"Gesch\u00e4tzte Lesezeit":"2\u00a0Minuten"},"schema":{"@context":"https:\/\/schema.org","@graph":[{"@type":"WebPage","@id":"https:\/\/www.tierra-latina.com\/de\/rechtliche-informationen\/","url":"https:\/\/www.tierra-latina.com\/de\/rechtliche-informationen\/","name":"Rechtliche Informationen | Tierra Latina | Ma\u00dfgeschneiderte Reisen bei Einheimischen","isPartOf":{"@id":"https:\/\/www.tierra-latina.com\/#website"},"primaryImageOfPage":{"@id":"https:\/\/www.tierra-latina.com\/de\/rechtliche-informationen\/#primaryimage"},"image":{"@id":"https:\/\/www.tierra-latina.com\/de\/rechtliche-informationen\/#primaryimage"},"thumbnailUrl":"https:\/\/www.tierra-latina.com\/wp-content\/uploads\/2018\/12\/florian-von-der-fecht-estancia-nibepo-aike-patagonie-argentine-tierra-latina.png","datePublished":"2018-12-16T12:33:45+00:00","dateModified":"2018-12-16T12:33:45+00:00","description":"Auf dieser Seite finden Sie alle rechtlichen Informationen \u00fcber den Reiseveranstalter Tierra Latina!","breadcrumb":{"@id":"https:\/\/www.tierra-latina.com\/de\/rechtliche-informationen\/#breadcrumb"},"inLanguage":"de","potentialAction":[{"@type":"ReadAction","target":["https:\/\/www.tierra-latina.com\/de\/rechtliche-informationen\/"]}]},{"@type":"ImageObject","inLanguage":"de","@id":"https:\/\/www.tierra-latina.com\/de\/rechtliche-informationen\/#primaryimage","url":"https:\/\/www.tierra-latina.com\/wp-content\/uploads\/2018\/12\/florian-von-der-fecht-estancia-nibepo-aike-patagonie-argentine-tierra-latina.png","contentUrl":"https:\/\/www.tierra-latina.com\/wp-content\/uploads\/2018\/12\/florian-von-der-fecht-estancia-nibepo-aike-patagonie-argentine-tierra-latina.png","width":1500,"height":800,"caption":"Patagonie Argentine, gauchos au Parc National des Glaciers"},{"@type":"BreadcrumbList","@id":"https:\/\/www.tierra-latina.com\/de\/rechtliche-informationen\/#breadcrumb","itemListElement":[{"@type":"ListItem","position":1,"name":"Home","item":"https:\/\/www.tierra-latina.com\/"},{"@type":"ListItem","position":2,"name":"Rechtliche Informationen"}]},{"@type":"WebSite","@id":"https:\/\/www.tierra-latina.com\/#website","url":"https:\/\/www.tierra-latina.com\/","name":"Tierra Latina","description":"Immersion chez l&#039;habitant en Am\u00e9rique du Sud","publisher":{"@id":"https:\/\/www.tierra-latina.com\/#organization"},"potentialAction":[{"@type":"SearchAction","target":{"@type":"EntryPoint","urlTemplate":"https:\/\/www.tierra-latina.com\/?s={search_term_string}"},"query-input":"required name=search_term_string"}],"inLanguage":"de"},{"@type":"Organization","@id":"https:\/\/www.tierra-latina.com\/#organization","name":"Tierra Latina","url":"https:\/\/www.tierra-latina.com\/","logo":{"@type":"ImageObject","inLanguage":"de","@id":"https:\/\/www.tierra-latina.com\/#\/schema\/logo\/image\/","url":"https:\/\/www.tierra-latina.com\/wp-content\/uploads\/2018\/02\/Tierra_Latina_Logo_180.png","contentUrl":"https:\/\/www.tierra-latina.com\/wp-content\/uploads\/2018\/02\/Tierra_Latina_Logo_180.png","width":306,"height":180,"caption":"Tierra Latina"},"image":{"@id":"https:\/\/www.tierra-latina.com\/#\/schema\/logo\/image\/"}}]}},"_links":{"self":[{"href":"https:\/\/www.tierra-latina.com\/de\/wp-json\/wp\/v2\/pages\/46364","targetHints":{"allow":["GET"]}}],"collection":[{"href":"https:\/\/www.tierra-latina.com\/de\/wp-json\/wp\/v2\/pages"}],"about":[{"href":"https:\/\/www.tierra-latina.com\/de\/wp-json\/wp\/v2\/types\/page"}],"author":[{"embeddable":true,"href":"https:\/\/www.tierra-latina.com\/de\/wp-json\/wp\/v2\/users\/1"}],"replies":[{"embeddable":true,"href":"https:\/\/www.tierra-latina.com\/de\/wp-json\/wp\/v2\/comments?post=46364"}],"version-history":[{"count":0,"href":"https:\/\/www.tierra-latina.com\/de\/wp-json\/wp\/v2\/pages\/46364\/revisions"}],"wp:featuredmedia":[{"embeddable":true,"href":"https:\/\/www.tierra-latina.com\/de\/wp-json\/wp\/v2\/media\/35295"}],"wp:attachment":[{"href":"https:\/\/www.tierra-latina.com\/de\/wp-json\/wp\/v2\/media?parent=46364"}],"curies":[{"name":"wp","href":"https:\/\/api.w.org\/{rel}","templated":true}]}}