{"id":46457,"date":"2025-12-24T12:20:43","date_gmt":"2025-12-24T11:20:43","guid":{"rendered":"https:\/\/www.tierra-latina.com\/?post_type=product&#038;p=46457"},"modified":"2026-01-26T09:07:12","modified_gmt":"2026-01-26T08:07:12","slug":"voyage-au-costa-rica-en-petit-groupe","status":"publish","type":"product","link":"https:\/\/www.tierra-latina.com\/de\/circuits\/voyage-au-costa-rica-en-petit-groupe\/","title":{"rendered":"Voyage au Costa Rica en petit groupe &#8211; 11 jours \/ 10 nuits"},"content":{"rendered":"<p>R\u00e9servez votre circuit organis\u00e9 de 11 jours au Costa Rica pour conna\u00eetre les essentiels du pays de la &#8220;Pura Vida&#8221; ! Rejoignez un petit groupe de 2 \u00e0 14 personnes avec un guide francophone qui vous accompagne tout au long de votre voyage au Costa Rica.<\/p>\n","protected":false},"excerpt":{"rendered":"<p>Voyage organis\u00e9 au Costa Rica : circuit des incontournables du pays de la Pura Vida !<\/p>\n","protected":false},"featured_media":46480,"template":"","meta":[],"product_brand":[],"product_cat":[330],"product_tag":[],"class_list":{"0":"post-46457","1":"product","2":"type-product","3":"status-publish","4":"has-post-thumbnail","6":"product_cat-costa-rica","8":"first","9":"instock","10":"shipping-taxable","11":"purchasable","12":"product-type-variable"},"yoast_head":"<!-- This site is optimized with the Yoast SEO plugin v22.8 - https:\/\/yoast.com\/wordpress\/plugins\/seo\/ -->\n<title>Voyage au Costa Rica en petit groupe - 11 jours \/ 10 nuits - Tierra Latina<\/title>\n<meta name=\"description\" content=\"R\u00e9servez directement votre voyage en petit groupe au Costa Rica pour une aventure de 11 jours \u00e0 travers les essentiels du pays de la Pura Vida !\" \/>\n<meta name=\"robots\" content=\"index, follow, max-snippet:-1, max-image-preview:large, max-video-preview:-1\" \/>\n<link rel=\"canonical\" href=\"https:\/\/www.tierra-latina.com\/circuits\/voyage-au-costa-rica-en-petit-groupe\/\" \/>\n<meta property=\"og:locale\" content=\"de_DE\" \/>\n<meta property=\"og:type\" content=\"article\" \/>\n<meta property=\"og:title\" content=\"Voyage au Costa Rica en petit groupe - 11 jours \/ 10 nuits - Tierra Latina\" \/>\n<meta property=\"og:description\" content=\"R\u00e9servez directement votre voyage en petit groupe au Costa Rica pour une aventure de 11 jours \u00e0 travers les essentiels du pays de la Pura Vida !\" \/>\n<meta property=\"og:url\" content=\"https:\/\/www.tierra-latina.com\/circuits\/voyage-au-costa-rica-en-petit-groupe\/\" \/>\n<meta property=\"og:site_name\" content=\"Tierra Latina\" \/>\n<meta property=\"article:modified_time\" content=\"2026-01-26T08:07:12+00:00\" \/>\n<meta property=\"og:image\" content=\"https:\/\/www.tierra-latina.com\/wp-content\/uploads\/2023\/07\/voyage-groupe-costa-rica-paresseux-istock.jpg\" \/>\n\t<meta property=\"og:image:width\" content=\"960\" \/>\n\t<meta property=\"og:image:height\" content=\"960\" \/>\n\t<meta property=\"og:image:type\" content=\"image\/jpeg\" \/>\n<meta name=\"twitter:card\" content=\"summary_large_image\" \/>\n<meta name=\"twitter:label1\" content=\"Gesch\u00e4tzte Lesezeit\" \/>\n\t<meta name=\"twitter:data1\" content=\"1\u00a0Minute\" \/>\n<script type=\"application\/ld+json\" class=\"yoast-schema-graph\">{\"@context\":\"https:\/\/schema.org\",\"@graph\":[{\"@type\":\"WebPage\",\"@id\":\"https:\/\/www.tierra-latina.com\/circuits\/voyage-au-costa-rica-en-petit-groupe\/\",\"url\":\"https:\/\/www.tierra-latina.com\/circuits\/voyage-au-costa-rica-en-petit-groupe\/\",\"name\":\"Voyage au Costa Rica en petit groupe - 11 jours \/ 10 nuits - Tierra Latina\",\"isPartOf\":{\"@id\":\"https:\/\/www.tierra-latina.com\/#website\"},\"primaryImageOfPage\":{\"@id\":\"https:\/\/www.tierra-latina.com\/circuits\/voyage-au-costa-rica-en-petit-groupe\/#primaryimage\"},\"image\":{\"@id\":\"https:\/\/www.tierra-latina.com\/circuits\/voyage-au-costa-rica-en-petit-groupe\/#primaryimage\"},\"thumbnailUrl\":\"https:\/\/www.tierra-latina.com\/wp-content\/uploads\/2023\/07\/voyage-groupe-costa-rica-paresseux-istock.jpg\",\"datePublished\":\"2025-12-24T11:20:43+00:00\",\"dateModified\":\"2026-01-26T08:07:12+00:00\",\"description\":\"R\u00e9servez directement votre voyage en petit groupe au Costa Rica pour une aventure de 11 jours \u00e0 travers les essentiels du pays de la Pura Vida !\",\"breadcrumb\":{\"@id\":\"https:\/\/www.tierra-latina.com\/circuits\/voyage-au-costa-rica-en-petit-groupe\/#breadcrumb\"},\"inLanguage\":\"de\",\"potentialAction\":[{\"@type\":\"ReadAction\",\"target\":[\"https:\/\/www.tierra-latina.com\/circuits\/voyage-au-costa-rica-en-petit-groupe\/\"]}]},{\"@type\":\"ImageObject\",\"inLanguage\":\"de\",\"@id\":\"https:\/\/www.tierra-latina.com\/circuits\/voyage-au-costa-rica-en-petit-groupe\/#primaryimage\",\"url\":\"https:\/\/www.tierra-latina.com\/wp-content\/uploads\/2023\/07\/voyage-groupe-costa-rica-paresseux-istock.jpg\",\"contentUrl\":\"https:\/\/www.tierra-latina.com\/wp-content\/uploads\/2023\/07\/voyage-groupe-costa-rica-paresseux-istock.jpg\",\"width\":960,\"height\":960,\"caption\":\"voyage-groupe-costa-rica-paresseux-istock\"},{\"@type\":\"BreadcrumbList\",\"@id\":\"https:\/\/www.tierra-latina.com\/circuits\/voyage-au-costa-rica-en-petit-groupe\/#breadcrumb\",\"itemListElement\":[{\"@type\":\"ListItem\",\"position\":1,\"name\":\"Home\",\"item\":\"https:\/\/www.tierra-latina.com\/\"},{\"@type\":\"ListItem\",\"position\":2,\"name\":\"Circuits\",\"item\":\"https:\/\/www.tierra-latina.com\/circuits\/\"},{\"@type\":\"ListItem\",\"position\":3,\"name\":\"Voyage au Costa Rica en petit groupe &#8211; 11 jours \/ 10 nuits\"}]},{\"@type\":\"WebSite\",\"@id\":\"https:\/\/www.tierra-latina.com\/#website\",\"url\":\"https:\/\/www.tierra-latina.com\/\",\"name\":\"Tierra Latina\",\"description\":\"Immersion chez l&#039;habitant en Am\u00e9rique du Sud\",\"publisher\":{\"@id\":\"https:\/\/www.tierra-latina.com\/#organization\"},\"potentialAction\":[{\"@type\":\"SearchAction\",\"target\":{\"@type\":\"EntryPoint\",\"urlTemplate\":\"https:\/\/www.tierra-latina.com\/?s={search_term_string}\"},\"query-input\":\"required name=search_term_string\"}],\"inLanguage\":\"de\"},{\"@type\":\"Organization\",\"@id\":\"https:\/\/www.tierra-latina.com\/#organization\",\"name\":\"Tierra Latina\",\"url\":\"https:\/\/www.tierra-latina.com\/\",\"logo\":{\"@type\":\"ImageObject\",\"inLanguage\":\"de\",\"@id\":\"https:\/\/www.tierra-latina.com\/#\/schema\/logo\/image\/\",\"url\":\"https:\/\/www.tierra-latina.com\/wp-content\/uploads\/2018\/02\/Tierra_Latina_Logo_180.png\",\"contentUrl\":\"https:\/\/www.tierra-latina.com\/wp-content\/uploads\/2018\/02\/Tierra_Latina_Logo_180.png\",\"width\":306,\"height\":180,\"caption\":\"Tierra Latina\"},\"image\":{\"@id\":\"https:\/\/www.tierra-latina.com\/#\/schema\/logo\/image\/\"}}]}<\/script>\n<!-- \/ Yoast SEO plugin. -->","yoast_head_json":{"title":"Voyage au Costa Rica en petit groupe - 11 jours \/ 10 nuits - Tierra Latina","description":"R\u00e9servez directement votre voyage en petit groupe au Costa Rica pour une aventure de 11 jours \u00e0 travers les essentiels du pays de la Pura Vida !","robots":{"index":"index","follow":"follow","max-snippet":"max-snippet:-1","max-image-preview":"max-image-preview:large","max-video-preview":"max-video-preview:-1"},"canonical":"https:\/\/www.tierra-latina.com\/circuits\/voyage-au-costa-rica-en-petit-groupe\/","og_locale":"de_DE","og_type":"article","og_title":"Voyage au Costa Rica en petit groupe - 11 jours \/ 10 nuits - Tierra Latina","og_description":"R\u00e9servez directement votre voyage en petit groupe au Costa Rica pour une aventure de 11 jours \u00e0 travers les essentiels du pays de la Pura Vida !","og_url":"https:\/\/www.tierra-latina.com\/circuits\/voyage-au-costa-rica-en-petit-groupe\/","og_site_name":"Tierra Latina","article_modified_time":"2026-01-26T08:07:12+00:00","og_image":[{"width":960,"height":960,"url":"https:\/\/www.tierra-latina.com\/wp-content\/uploads\/2023\/07\/voyage-groupe-costa-rica-paresseux-istock.jpg","type":"image\/jpeg"}],"twitter_card":"summary_large_image","twitter_misc":{"Gesch\u00e4tzte Lesezeit":"1\u00a0Minute"},"schema":{"@context":"https:\/\/schema.org","@graph":[{"@type":"WebPage","@id":"https:\/\/www.tierra-latina.com\/circuits\/voyage-au-costa-rica-en-petit-groupe\/","url":"https:\/\/www.tierra-latina.com\/circuits\/voyage-au-costa-rica-en-petit-groupe\/","name":"Voyage au Costa Rica en petit groupe - 11 jours \/ 10 nuits - Tierra Latina","isPartOf":{"@id":"https:\/\/www.tierra-latina.com\/#website"},"primaryImageOfPage":{"@id":"https:\/\/www.tierra-latina.com\/circuits\/voyage-au-costa-rica-en-petit-groupe\/#primaryimage"},"image":{"@id":"https:\/\/www.tierra-latina.com\/circuits\/voyage-au-costa-rica-en-petit-groupe\/#primaryimage"},"thumbnailUrl":"https:\/\/www.tierra-latina.com\/wp-content\/uploads\/2023\/07\/voyage-groupe-costa-rica-paresseux-istock.jpg","datePublished":"2025-12-24T11:20:43+00:00","dateModified":"2026-01-26T08:07:12+00:00","description":"R\u00e9servez directement votre voyage en petit groupe au Costa Rica pour une aventure de 11 jours \u00e0 travers les essentiels du pays de la Pura Vida !","breadcrumb":{"@id":"https:\/\/www.tierra-latina.com\/circuits\/voyage-au-costa-rica-en-petit-groupe\/#breadcrumb"},"inLanguage":"de","potentialAction":[{"@type":"ReadAction","target":["https:\/\/www.tierra-latina.com\/circuits\/voyage-au-costa-rica-en-petit-groupe\/"]}]},{"@type":"ImageObject","inLanguage":"de","@id":"https:\/\/www.tierra-latina.com\/circuits\/voyage-au-costa-rica-en-petit-groupe\/#primaryimage","url":"https:\/\/www.tierra-latina.com\/wp-content\/uploads\/2023\/07\/voyage-groupe-costa-rica-paresseux-istock.jpg","contentUrl":"https:\/\/www.tierra-latina.com\/wp-content\/uploads\/2023\/07\/voyage-groupe-costa-rica-paresseux-istock.jpg","width":960,"height":960,"caption":"voyage-groupe-costa-rica-paresseux-istock"},{"@type":"BreadcrumbList","@id":"https:\/\/www.tierra-latina.com\/circuits\/voyage-au-costa-rica-en-petit-groupe\/#breadcrumb","itemListElement":[{"@type":"ListItem","position":1,"name":"Home","item":"https:\/\/www.tierra-latina.com\/"},{"@type":"ListItem","position":2,"name":"Circuits","item":"https:\/\/www.tierra-latina.com\/circuits\/"},{"@type":"ListItem","position":3,"name":"Voyage au Costa Rica en petit groupe &#8211; 11 jours \/ 10 nuits"}]},{"@type":"WebSite","@id":"https:\/\/www.tierra-latina.com\/#website","url":"https:\/\/www.tierra-latina.com\/","name":"Tierra Latina","description":"Immersion chez l&#039;habitant en Am\u00e9rique du Sud","publisher":{"@id":"https:\/\/www.tierra-latina.com\/#organization"},"potentialAction":[{"@type":"SearchAction","target":{"@type":"EntryPoint","urlTemplate":"https:\/\/www.tierra-latina.com\/?s={search_term_string}"},"query-input":"required name=search_term_string"}],"inLanguage":"de"},{"@type":"Organization","@id":"https:\/\/www.tierra-latina.com\/#organization","name":"Tierra Latina","url":"https:\/\/www.tierra-latina.com\/","logo":{"@type":"ImageObject","inLanguage":"de","@id":"https:\/\/www.tierra-latina.com\/#\/schema\/logo\/image\/","url":"https:\/\/www.tierra-latina.com\/wp-content\/uploads\/2018\/02\/Tierra_Latina_Logo_180.png","contentUrl":"https:\/\/www.tierra-latina.com\/wp-content\/uploads\/2018\/02\/Tierra_Latina_Logo_180.png","width":306,"height":180,"caption":"Tierra Latina"},"image":{"@id":"https:\/\/www.tierra-latina.com\/#\/schema\/logo\/image\/"}}]}},"_links":{"self":[{"href":"https:\/\/www.tierra-latina.com\/de\/wp-json\/wp\/v2\/product\/46457","targetHints":{"allow":["GET"]}}],"collection":[{"href":"https:\/\/www.tierra-latina.com\/de\/wp-json\/wp\/v2\/product"}],"about":[{"href":"https:\/\/www.tierra-latina.com\/de\/wp-json\/wp\/v2\/types\/product"}],"version-history":[{"count":0,"href":"https:\/\/www.tierra-latina.com\/de\/wp-json\/wp\/v2\/product\/46457\/revisions"}],"wp:featuredmedia":[{"embeddable":true,"href":"https:\/\/www.tierra-latina.com\/de\/wp-json\/wp\/v2\/media\/46480"}],"wp:attachment":[{"href":"https:\/\/www.tierra-latina.com\/de\/wp-json\/wp\/v2\/media?parent=46457"}],"wp:term":[{"taxonomy":"product_brand","embeddable":true,"href":"https:\/\/www.tierra-latina.com\/de\/wp-json\/wp\/v2\/product_brand?post=46457"},{"taxonomy":"product_cat","embeddable":true,"href":"https:\/\/www.tierra-latina.com\/de\/wp-json\/wp\/v2\/product_cat?post=46457"},{"taxonomy":"product_tag","embeddable":true,"href":"https:\/\/www.tierra-latina.com\/de\/wp-json\/wp\/v2\/product_tag?post=46457"}],"curies":[{"name":"wp","href":"https:\/\/api.w.org\/{rel}","templated":true}]}}